{"id":1347,"date":"2026-02-20T13:45:56","date_gmt":"2026-02-20T18:45:56","guid":{"rendered":"https:\/\/agencebunkr.com\/redirect-page\/"},"modified":"2026-04-06T10:39:36","modified_gmt":"2026-04-06T15:39:36","slug":"redirect-page","status":"publish","type":"page","link":"https:\/\/agencebunkr.com\/en\/redirect-page\/","title":{"rendered":"Redirect page"},"content":{"rendered":"\t\t<div data-elementor-type=\"wp-page\" data-elementor-id=\"1347\" class=\"elementor elementor-1347 elementor-952\" data-elementor-post-type=\"page\">\n\t\t\t\t<div class=\"elementor-element elementor-element-efa9b56 e-flex e-con-boxed e-con e-parent\" data-id=\"efa9b56\" data-element_type=\"container\" data-e-type=\"container\" data-settings=\"{&quot;background_background&quot;:&quot;classic&quot;}\">\n\t\t\t\t\t<div class=\"e-con-inner\">\n\t\t<div class=\"elementor-element elementor-element-a6e0e59 e-con-full e-flex e-con e-child\" data-id=\"a6e0e59\" data-element_type=\"container\" data-e-type=\"container\">\n\t\t<div class=\"elementor-element elementor-element-a2b8e65 e-con-full e-flex e-con e-child\" data-id=\"a2b8e65\" data-element_type=\"container\" data-e-type=\"container\">\n\t\t<div class=\"elementor-element elementor-element-167c8de e-con-full e-flex e-con e-child\" data-id=\"167c8de\" data-element_type=\"container\" data-e-type=\"container\" data-settings=\"{&quot;background_background&quot;:&quot;video&quot;,&quot;background_video_link&quot;:&quot;https:\\\/\\\/agencebunkr.com\\\/wp-content\\\/uploads\\\/Annonce_bunkr-2.mp4&quot;,&quot;background_play_on_mobile&quot;:&quot;yes&quot;,&quot;background_privacy_mode&quot;:&quot;yes&quot;}\">\n\t\t<div class=\"elementor-background-video-container\">\n\t\t\t\t\t\t\t<video class=\"elementor-background-video-hosted\" role=\"presentation\" autoplay muted playsinline loop><\/video>\n\t\t\t\t\t<\/div>\t\t<div class=\"elementor-element elementor-element-2b0ae93 elementor-widget__width-initial elementor-widget elementor-widget-video\" data-id=\"2b0ae93\" data-element_type=\"widget\" data-e-type=\"widget\" data-settings=\"{&quot;video_type&quot;:&quot;hosted&quot;,&quot;autoplay&quot;:&quot;yes&quot;,&quot;play_on_mobile&quot;:&quot;yes&quot;,&quot;mute&quot;:&quot;yes&quot;,&quot;loop&quot;:&quot;yes&quot;}\" data-widget_type=\"video.default\">\n\t\t\t\t<div class=\"elementor-widget-container\">\n\t\t\t\t\t\t\t<div class=\"e-hosted-video elementor-wrapper elementor-open-inline\">\n\t\t\t\t\t<video class=\"elementor-video\" src=\"https:\/\/agencebunkr.com\/wp-content\/uploads\/Annonce_bunkr-2.mp4\" autoplay=\"\" loop=\"\" muted=\"muted\" playsinline=\"\" controlsList=\"nodownload\"><\/video>\n\t\t\t\t<\/div>\n\t\t\t\t\t\t<\/div>\n\t\t\t\t<\/div>\n\t\t\t\t<\/div>\n\t\t<div class=\"elementor-element elementor-element-7bac17e e-con-full e-flex e-con e-child\" data-id=\"7bac17e\" data-element_type=\"container\" data-e-type=\"container\">\n\t\t\t\t<div class=\"elementor-element elementor-element-8bd3420 elementor-widget elementor-widget-heading\" data-id=\"8bd3420\" data-element_type=\"widget\" data-e-type=\"widget\" data-widget_type=\"heading.default\">\n\t\t\t\t<div class=\"elementor-widget-container\">\n\t\t\t\t\t<h2 class=\"elementor-heading-title elementor-size-default\">Propagande Guerilla becomes the <b>BUNKR <\/b>agency.<\/h2>\t\t\t\t<\/div>\n\t\t\t\t<\/div>\n\t\t\t\t<\/div>\n\t\t\t\t<\/div>\n\t\t\t\t<\/div>\n\t\t\t\t\t<\/div>\n\t\t\t\t<\/div>\n\t\t<div class=\"elementor-element elementor-element-61bcf9f e-flex e-con-boxed e-con e-parent\" data-id=\"61bcf9f\" data-element_type=\"container\" data-e-type=\"container\">\n\t\t\t\t\t<div class=\"e-con-inner\">\n\t\t<div class=\"elementor-element elementor-element-ec1ea62 e-con-full e-flex e-con e-child\" data-id=\"ec1ea62\" data-element_type=\"container\" data-e-type=\"container\">\n\t\t\t\t<div class=\"elementor-element elementor-element-0430d78 elementor-widget elementor-widget-heading\" data-id=\"0430d78\" data-element_type=\"widget\" data-e-type=\"widget\" data-widget_type=\"heading.default\">\n\t\t\t\t<div class=\"elementor-widget-container\">\n\t\t\t\t\t<h2 class=\"elementor-heading-title elementor-size-default\">[Our journey]<\/h2>\t\t\t\t<\/div>\n\t\t\t\t<\/div>\n\t\t\t\t<div class=\"elementor-element elementor-element-4699f4d elementor-widget elementor-widget-heading\" data-id=\"4699f4d\" data-element_type=\"widget\" data-e-type=\"widget\" data-widget_type=\"heading.default\">\n\t\t\t\t<div class=\"elementor-widget-container\">\n\t\t\t\t\t<h2 class=\"elementor-heading-title elementor-size-default\">A new identity to mark a major milestone in our growth<\/h2>\t\t\t\t<\/div>\n\t\t\t\t<\/div>\n\t\t\t\t<\/div>\n\t\t<div class=\"elementor-element elementor-element-df0bb4b e-con-full elementor-hidden-mobile_extra elementor-hidden-mobile e-flex e-con e-child\" data-id=\"df0bb4b\" data-element_type=\"container\" data-e-type=\"container\">\n\t\t\t\t<\/div>\n\t\t\t\t\t<\/div>\n\t\t\t\t<\/div>\n\t\t<div class=\"elementor-element elementor-element-a9c86a3 e-flex e-con-boxed e-con e-parent\" data-id=\"a9c86a3\" data-element_type=\"container\" data-e-type=\"container\">\n\t\t\t\t\t<div class=\"e-con-inner\">\n\t\t<div class=\"elementor-element elementor-element-cf733b5 e-con-full elementor-hidden-mobile e-flex e-con e-child\" data-id=\"cf733b5\" data-element_type=\"container\" data-e-type=\"container\">\n\t\t\t\t<\/div>\n\t\t<div class=\"elementor-element elementor-element-09d01bb e-con-full e-flex e-con e-child\" data-id=\"09d01bb\" data-element_type=\"container\" data-e-type=\"container\">\n\t\t\t\t<div class=\"elementor-element elementor-element-3d2a94b elementor-widget__width-initial elementor-widget elementor-widget-text-editor\" data-id=\"3d2a94b\" data-element_type=\"widget\" data-e-type=\"widget\" data-widget_type=\"text-editor.default\">\n\t\t\t\t<div class=\"elementor-widget-container\">\n\t\t\t\t\t\t\t\t\t<p>After more than four years of steady growth and major projects across various sectors, our agency is now reaching a new milestone and adopting a new identity: BUNKR. Since 2022, Propagande Guerilla has helped hundreds of companies with their brand positioning, rebranding, the creation of digital platforms, and the implementation of ambitious creative strategies. Cette trajectoire nous a permis de collaborer avec des organisations de plus en plus structur\u00e9es, de participer \u00e0 des mandats majeurs et d\u2019\u00e9largir continuellement notre expertise.  <\/p>\t\t\t\t\t\t\t\t<\/div>\n\t\t\t\t<\/div>\n\t\t\t\t<div class=\"elementor-element elementor-element-764ccc2 elementor-widget__width-initial elementor-widget elementor-widget-text-editor\" data-id=\"764ccc2\" data-element_type=\"widget\" data-e-type=\"widget\" data-widget_type=\"text-editor.default\">\n\t\t\t\t<div class=\"elementor-widget-container\">\n\t\t\t\t\t\t\t\t\t<p><strong>BUNKR: an identity that reflects maturity and ambition<\/strong><\/p><p>This name change does not represent a break with the past, but rather the natural culmination of a transformation that began several years ago. BUNKR embodies the strength of our expertise, the evolution of our services, and the growth of our team. The agency is now positioning itself for larger-scale projects with growing companies and established brands seeking a strategic partner that combines creativity, performance, and long-term vision.<\/p><p> <\/p><p><strong>Expanded expertise, a stronger team<\/strong><\/p><p>Over the years, the agency has assembled a multidisciplinary team combining strategy, design, digital, content, and creative production. This synergy now allows BUNKR to operate on several levels: brand identity, web platforms, integrated campaigns, and strategic support, with a more solid internal structure and optimized processes.<\/p><p> <\/p><p><strong>A vision focused on the future<\/strong><\/p><p>BUNKR aims to become a go-to partner for companies looking to structure their image and accelerate their growth. The agency will continue to grow by focusing on innovation, strategic rigor, and a results-oriented approach, while maintaining the close relationships that have built its reputation.<\/p><p> <\/p><p><strong>Why BUNKR<\/strong><\/p><p>BUNKR evokes strength, structure, and strategic planning. \u00c0 l\u2019image d\u2019un bunker, c\u2019est un espace con\u00e7u pour durer, r\u00e9sister aux pressions ext\u00e9rieures et offrir un point d\u2019ancrage stable dans un monde en mouvement constant.  This is the place where we take a step back before moving forward, where every decision is carefully crafted and nothing is left to chance. For us, BUNKR represents an environment where creativity can emerge powerfully: protected by strategy, guided by expertise, and focused on tangible results. It is our desire to provide our clients with comprehensive support, strengthen their image, structure their brand, and build a foundation that is solid enough for them to move forward with clarity, impact, and confidence.<\/p>\t\t\t\t\t\t\t\t<\/div>\n\t\t\t\t<\/div>\n\t\t\t\t<\/div>\n\t\t\t\t\t<\/div>\n\t\t\t\t<\/div>\n\t\t<div class=\"elementor-element elementor-element-edac248 e-con-full overlap-section e-flex e-con e-child\" data-id=\"edac248\" data-element_type=\"container\" data-e-type=\"container\" data-settings=\"{&quot;background_background&quot;:&quot;classic&quot;}\">\n\t\t<div class=\"elementor-element elementor-element-38e6e4e e-flex e-con-boxed e-con e-child\" data-id=\"38e6e4e\" data-element_type=\"container\" data-e-type=\"container\">\n\t\t\t\t\t<div class=\"e-con-inner\">\n\t\t<div class=\"elementor-element elementor-element-469e0bd e-flex e-con-boxed e-con e-child\" data-id=\"469e0bd\" data-element_type=\"container\" data-e-type=\"container\" data-settings=\"{&quot;background_background&quot;:&quot;gradient&quot;}\">\n\t\t\t\t\t<div class=\"e-con-inner\">\n\t\t\t\t<div class=\"elementor-element elementor-element-64105ec elementor-widget__width-initial elementor-widget elementor-widget-heading\" data-id=\"64105ec\" data-element_type=\"widget\" data-e-type=\"widget\" data-widget_type=\"heading.default\">\n\t\t\t\t<div class=\"elementor-widget-container\">\n\t\t\t\t\t<h2 class=\"elementor-heading-title elementor-size-default\">Same team. Same passion. A stronger identity to build the future...<\/h2>\t\t\t\t<\/div>\n\t\t\t\t<\/div>\n\t\t\t\t<div class=\"elementor-element elementor-element-07d0f9d elementor-align-right elementor-mobile-align-right elementor-widget elementor-widget-button\" data-id=\"07d0f9d\" data-element_type=\"widget\" data-e-type=\"widget\" data-widget_type=\"button.default\">\n\t\t\t\t<div class=\"elementor-widget-container\">\n\t\t\t\t\t\t\t\t\t<div class=\"elementor-button-wrapper\">\n\t\t\t\t\t<a class=\"elementor-button elementor-button-link elementor-size-sm\" href=\"https:\/\/agencebunkr.com\/en\/\">\n\t\t\t\t\t\t<span class=\"elementor-button-content-wrapper\">\n\t\t\t\t\t\t\t\t\t<span class=\"elementor-button-text\">Visit our new website<\/span>\n\t\t\t\t\t<\/span>\n\t\t\t\t\t<\/a>\n\t\t\t\t<\/div>\n\t\t\t\t\t\t\t\t<\/div>\n\t\t\t\t<\/div>\n\t\t\t\t\t<\/div>\n\t\t\t\t<\/div>\n\t\t\t\t\t<\/div>\n\t\t\t\t<\/div>\n\t\t\t\t<\/div>\n\t\t\t\t<\/div>\n\t\t","protected":false},"excerpt":{"rendered":"<p>https:\/\/agencebunkr.com\/wp-content\/uploads\/Annonce_bunkr-2.mp4 Propagande Guerilla becomes the BUNKR agency. [Our journey] A new identity to mark a major milestone in our growth After more than four years of steady growth and major projects across various sectors, our agency is now reaching a new milestone and adopting a new identity: BUNKR. Since 2022, Propagande Guerilla has helped hundreds [&hellip;]<\/p>\n","protected":false},"author":6,"featured_media":0,"parent":0,"menu_order":0,"comment_status":"closed","ping_status":"closed","template":"elementor_header_footer","meta":{"_acf_changed":false,"footnotes":""},"class_list":["post-1347","page","type-page","status-publish","hentry"],"acf":[],"_links":{"self":[{"href":"https:\/\/agencebunkr.com\/en\/wp-json\/wp\/v2\/pages\/1347","targetHints":{"allow":["GET"]}}],"collection":[{"href":"https:\/\/agencebunkr.com\/en\/wp-json\/wp\/v2\/pages"}],"about":[{"href":"https:\/\/agencebunkr.com\/en\/wp-json\/wp\/v2\/types\/page"}],"author":[{"embeddable":true,"href":"https:\/\/agencebunkr.com\/en\/wp-json\/wp\/v2\/users\/6"}],"replies":[{"embeddable":true,"href":"https:\/\/agencebunkr.com\/en\/wp-json\/wp\/v2\/comments?post=1347"}],"version-history":[{"count":0,"href":"https:\/\/agencebunkr.com\/en\/wp-json\/wp\/v2\/pages\/1347\/revisions"}],"wp:attachment":[{"href":"https:\/\/agencebunkr.com\/en\/wp-json\/wp\/v2\/media?parent=1347"}],"curies":[{"name":"wp","href":"https:\/\/api.w.org\/{rel}","templated":true}]}}